{"id":541,"date":"2018-11-27T09:17:08","date_gmt":"2018-11-27T09:17:08","guid":{"rendered":"https:\/\/xdelivery-service.com\/about\/"},"modified":"2024-03-08T19:21:12","modified_gmt":"2024-03-08T18:21:12","slug":"sobre-nosotros","status":"publish","type":"page","link":"https:\/\/xdelivery-service.com\/en\/sobre-nosotros\/","title":{"rendered":"About us"},"content":{"rendered":"<div data-elementor-type=\"wp-post\" data-elementor-id=\"541\" class=\"elementor elementor-541\">\n\t\t\t\t<div class=\"elementor-element elementor-element-5f02ddf e-flex e-con-boxed e-con e-parent\" data-id=\"5f02ddf\" data-element_type=\"container\" data-settings=\"{&quot;background_background&quot;:&quot;classic&quot;}\">\n\t\t\t\t\t<div class=\"e-con-inner\">\n\t\t<div class=\"elementor-element elementor-element-0502d81 e-con-full e-flex e-con e-child\" data-id=\"0502d81\" data-element_type=\"container\">\n\t\t\t\t<div class=\"elementor-element elementor-element-03d202b elementor-widget elementor-widget-heading\" data-id=\"03d202b\" data-element_type=\"widget\" data-widget_type=\"heading.default\">\n\t\t\t\t<div class=\"elementor-widget-container\">\n\t\t\t\t\t<h1 class=\"elementor-heading-title elementor-size-default\">About us<\/h1>\t\t\t\t<\/div>\n\t\t\t\t<\/div>\n\t\t\t\t<\/div>\n\t\t\t\t\t<\/div>\n\t\t\t\t<\/div>\n\t\t<div class=\"elementor-element elementor-element-bf7a364 e-flex e-con-boxed e-con e-parent\" data-id=\"bf7a364\" data-element_type=\"container\">\n\t\t\t\t\t<div class=\"e-con-inner\">\n\t\t\t\t<div class=\"elementor-element elementor-element-8288dea elementor-widget elementor-widget-text-editor\" data-id=\"8288dea\" data-element_type=\"widget\" data-widget_type=\"text-editor.default\">\n\t\t\t\t<div class=\"elementor-widget-container\">\n\t\t\t\t\t\t\t\t\t<p><strong>Efficiency and Savings: Your Ally in Logistics<\/strong><\/p><p>In our company, we simplify logistics solutions. We organize transportation according to your wishes and needs. Upon receiving your order, we carefully assess all your requirements and select a pool of carriers capable of fulfilling your order in the shortest time and at the best prices.<\/p><p><strong>What Sets Us Apart?<\/strong><\/p><p><strong>Exclusive Economic Benefits:<\/strong> Partnership with leading European transport companies allows us to secure unique discounts, ensuring significant savings for your business.<\/p><p><strong>Operations without Own Fleet:<\/strong> No worries about fleet management. We collaborate with numerous regional and international transport companies. Our goal is to offer you the best option in terms of price and service quality for delivering your goods to the destination.<\/p><p><strong>Personalized Efficiency:<\/strong> We tailor solutions to your needs, optimizing each stage to provide efficient and cost-effective services.<\/p><p>Trust us to simplify your logistics, offering the best prices and solutions through our network of top European strategic partners.<\/p><p><strong>Make Us Your Ally in Logistic Success!<\/strong><\/p>\t\t\t\t\t\t\t\t<\/div>\n\t\t\t\t<\/div>\n\t\t\t\t\t<\/div>\n\t\t\t\t<\/div>\n\t\t<div class=\"elementor-element elementor-element-ce23579 e-flex e-con-boxed e-con e-parent\" data-id=\"ce23579\" data-element_type=\"container\">\n\t\t\t\t\t<div class=\"e-con-inner\">\n\t\t<div class=\"elementor-element elementor-element-89a7aec e-con-full e-flex e-con e-child\" data-id=\"89a7aec\" data-element_type=\"container\">\n\t\t\t\t<div class=\"elementor-element elementor-element-c43b3dd elementor-widget-divider--view-line elementor-widget elementor-widget-divider\" data-id=\"c43b3dd\" data-element_type=\"widget\" data-widget_type=\"divider.default\">\n\t\t\t\t<div class=\"elementor-widget-container\">\n\t\t\t\t\t\t\t<div class=\"elementor-divider\">\n\t\t\t<span class=\"elementor-divider-separator\">\n\t\t\t\t\t\t<\/span>\n\t\t<\/div>\n\t\t\t\t\t\t<\/div>\n\t\t\t\t<\/div>\n\t\t\t\t<div class=\"elementor-element elementor-element-0244f25 elementor-widget elementor-widget-text-editor\" data-id=\"0244f25\" data-element_type=\"widget\" data-widget_type=\"text-editor.default\">\n\t\t\t\t<div class=\"elementor-widget-container\">\n\t\t\t\t\t\t\t\t\t<p>At X Delivery Service, we have a team with over 10 years of experience in the logistics and freight transportation sector. Our mission is to provide efficient and reliable solutions to meet our clients' needs. We stand out for our ability to find the best transportation options, ensuring the delivery of your cargo at the best market price.<\/p><p>We constantly seek the most suitable solutions and market-leading logistics companies to ensure superior quality service. Our focus on customer service excellence drives us to exceed expectations and provide added value with every shipment.<\/p><p>Trust in our expert team and extensive network of logistic partners to efficiently and securely manage your shipments. At X Delivery Service, we are committed to your satisfaction and providing you with a hassle-free transportation experience and the best outcomes possible.<\/p>\t\t\t\t\t\t\t\t<\/div>\n\t\t\t\t<\/div>\n\t\t\t\t<\/div>\n\t\t<div class=\"elementor-element elementor-element-e8e4600 e-con-full e-flex e-con e-child\" data-id=\"e8e4600\" data-element_type=\"container\">\n\t\t\t\t<div class=\"elementor-element elementor-element-6060d91 elementor-widget elementor-widget-image\" data-id=\"6060d91\" data-element_type=\"widget\" data-widget_type=\"image.default\">\n\t\t\t\t<div class=\"elementor-widget-container\">\n\t\t\t\t\t\t\t\t\t\t\t\t\t\t\t<img fetchpriority=\"high\" decoding=\"async\" width=\"1023\" height=\"1280\" src=\"https:\/\/xdelivery-service.com\/wp-content\/uploads\/2024\/03\/truck-parking-spot-resting-place-5281682.jpg\" class=\"attachment-full size-full wp-image-1369\" alt=\"truck, parking spot, resting place-5281682.jpg\" srcset=\"https:\/\/xdelivery-service.com\/wp-content\/uploads\/2024\/03\/truck-parking-spot-resting-place-5281682.jpg 1023w, https:\/\/xdelivery-service.com\/wp-content\/uploads\/2024\/03\/truck-parking-spot-resting-place-5281682-240x300.jpg 240w, https:\/\/xdelivery-service.com\/wp-content\/uploads\/2024\/03\/truck-parking-spot-resting-place-5281682-818x1024.jpg 818w, https:\/\/xdelivery-service.com\/wp-content\/uploads\/2024\/03\/truck-parking-spot-resting-place-5281682-768x961.jpg 768w\" sizes=\"(max-width: 1023px) 100vw, 1023px\" \/>\t\t\t\t\t\t\t\t\t\t\t\t\t\t\t<\/div>\n\t\t\t\t<\/div>\n\t\t\t\t<\/div>\n\t\t\t\t\t<\/div>\n\t\t\t\t<\/div>\n\t\t\t\t<\/div>","protected":false},"excerpt":{"rendered":"<p>Sobre nosotros Eficiencia y Ahorro: Su Aliado en Log\u00edstica En nuestra empresa, simplificamos soluciones log\u00edsticas. Organizamos transportes de acuerdo con sus deseos y necesidades. Despu\u00e9s de recibir su pedido, evaluamos cuidadosamente todas sus necesidades y seleccionamos un conjunto de transportistas capaces de cumplir con su pedido en el menor tiempo posible y a los mejores [&hellip;]<\/p>","protected":false},"author":1,"featured_media":0,"parent":0,"menu_order":0,"comment_status":"closed","ping_status":"closed","template":"","meta":{"om_disable_all_campaigns":false,"_monsterinsights_skip_tracking":false,"_monsterinsights_sitenote_active":false,"_monsterinsights_sitenote_note":"","_monsterinsights_sitenote_category":0,"_uf_show_specific_survey":0,"_uf_disable_surveys":false,"site-sidebar-layout":"no-sidebar","site-content-layout":"page-builder","ast-site-content-layout":"full-width-container","site-content-style":"unboxed","site-sidebar-style":"unboxed","ast-global-header-display":"","ast-banner-title-visibility":"","ast-main-header-display":"","ast-hfb-above-header-display":"","ast-hfb-below-header-display":"","ast-hfb-mobile-header-display":"","site-post-title":"disabled","ast-breadcrumbs-content":"","ast-featured-img":"disabled","footer-sml-layout":"","theme-transparent-header-meta":"enabled","adv-header-id-meta":"","stick-header-meta":"","header-above-stick-meta":"","header-main-stick-meta":"","header-below-stick-meta":"","astra-migrate-meta-layouts":"set","ast-page-background-enabled":"default","ast-page-background-meta":{"desktop":{"background-color":"","background-image":"","background-repeat":"repeat","background-position":"center center","background-size":"auto","background-attachment":"scroll","background-type":"","background-media":"","overlay-type":"","overlay-color":"","overlay-gradient":""},"tablet":{"background-color":"","background-image":"","background-repeat":"repeat","background-position":"center center","background-size":"auto","background-attachment":"scroll","background-type":"","background-media":"","overlay-type":"","overlay-color":"","overlay-gradient":""},"mobile":{"background-color":"","background-image":"","background-repeat":"repeat","background-position":"center center","background-size":"auto","background-attachment":"scroll","background-type":"","background-media":"","overlay-type":"","overlay-color":"","overlay-gradient":""}},"ast-content-background-meta":{"desktop":{"background-color":"var(--ast-global-color-5)","background-image":"","background-repeat":"repeat","background-position":"center center","background-size":"auto","background-attachment":"scroll","background-type":"","background-media":"","overlay-type":"","overlay-color":"","overlay-gradient":""},"tablet":{"background-color":"var(--ast-global-color-5)","background-image":"","background-repeat":"repeat","background-position":"center center","background-size":"auto","background-attachment":"scroll","background-type":"","background-media":"","overlay-type":"","overlay-color":"","overlay-gradient":""},"mobile":{"background-color":"var(--ast-global-color-5)","background-image":"","background-repeat":"repeat","background-position":"center center","background-size":"auto","background-attachment":"scroll","background-type":"","background-media":"","overlay-type":"","overlay-color":"","overlay-gradient":""}},"footnotes":""},"aioseo_notices":[],"_links":{"self":[{"href":"https:\/\/xdelivery-service.com\/en\/wp-json\/wp\/v2\/pages\/541"}],"collection":[{"href":"https:\/\/xdelivery-service.com\/en\/wp-json\/wp\/v2\/pages"}],"about":[{"href":"https:\/\/xdelivery-service.com\/en\/wp-json\/wp\/v2\/types\/page"}],"author":[{"embeddable":true,"href":"https:\/\/xdelivery-service.com\/en\/wp-json\/wp\/v2\/users\/1"}],"replies":[{"embeddable":true,"href":"https:\/\/xdelivery-service.com\/en\/wp-json\/wp\/v2\/comments?post=541"}],"version-history":[{"count":13,"href":"https:\/\/xdelivery-service.com\/en\/wp-json\/wp\/v2\/pages\/541\/revisions"}],"predecessor-version":[{"id":1770,"href":"https:\/\/xdelivery-service.com\/en\/wp-json\/wp\/v2\/pages\/541\/revisions\/1770"}],"wp:attachment":[{"href":"https:\/\/xdelivery-service.com\/en\/wp-json\/wp\/v2\/media?parent=541"}],"curies":[{"name":"wp","href":"https:\/\/api.w.org\/{rel}","templated":true}]}}